{"id":20,"date":"2025-10-29T08:28:06","date_gmt":"2025-10-29T08:28:06","guid":{"rendered":"https:\/\/ykkosmiehet.ngmprojektit.fi\/?page_id=20"},"modified":"2025-10-29T10:29:43","modified_gmt":"2025-10-29T10:29:43","slug":"pianon-flyygelin-vuokraus","status":"publish","type":"page","link":"https:\/\/ykkosmiehet.ngmprojektit.fi\/index.php\/pianon-flyygelin-vuokraus\/","title":{"rendered":"Pianon\/flyygelin vuokraus"},"content":{"rendered":"\t\t<div data-elementor-type=\"wp-page\" data-elementor-id=\"20\" class=\"elementor elementor-20\" data-elementor-post-type=\"page\">\n\t\t\t\t\t\t<section class=\"elementor-section elementor-top-section elementor-element elementor-element-8bd0178 elementor-section-boxed elementor-section-height-default elementor-section-height-default\" data-id=\"8bd0178\" data-element_type=\"section\" data-settings=\"{&quot;background_background&quot;:&quot;classic&quot;}\">\n\t\t\t\t\t\t\t<div class=\"elementor-background-overlay\"><\/div>\n\t\t\t\t\t\t\t<div class=\"elementor-container elementor-column-gap-default\">\n\t\t\t\t\t<div class=\"elementor-column elementor-col-100 elementor-top-column elementor-element elementor-element-9f54d31\" data-id=\"9f54d31\" data-element_type=\"column\">\n\t\t\t<div class=\"elementor-widget-wrap elementor-element-populated\">\n\t\t\t\t\t\t<div class=\"elementor-element elementor-element-14ec580 elementor-widget elementor-widget-heading\" data-id=\"14ec580\" data-element_type=\"widget\" data-widget_type=\"heading.default\">\n\t\t\t\t\t<h2 class=\"elementor-heading-title elementor-size-default\">Helsingiss\u00e4 ja koko Suomen alueella<\/h2>\t\t\t\t<\/div>\n\t\t\t\t<div class=\"elementor-element elementor-element-4d15c18 elementor-widget elementor-widget-heading\" data-id=\"4d15c18\" data-element_type=\"widget\" data-widget_type=\"heading.default\">\n\t\t\t\t\t<h2 class=\"elementor-heading-title elementor-size-default\">Pianon ja flyygelin vuokraus<br> tilaisuuksiin, juhliin tai kotik\u00e4ytt\u00f6\u00f6n<\/h2>\t\t\t\t<\/div>\n\t\t\t\t<div class=\"elementor-element elementor-element-69ac8c6 elementor-widget elementor-widget-text-editor\" data-id=\"69ac8c6\" data-element_type=\"widget\" data-widget_type=\"text-editor.default\">\n\t\t\t\t\t\t\t\t\t<p>Ykk\u00f6smiehet Oy tarjoaa muuttojen lis\u00e4ksi my\u00f6s pianon ja flyygelin vuokrausta.<\/p>\t\t\t\t\t\t\t\t<\/div>\n\t\t\t\t<div class=\"elementor-element elementor-element-759ad2a elementor-widget__width-inherit elementor-align-center elementor-widget elementor-widget-button\" data-id=\"759ad2a\" data-element_type=\"widget\" data-widget_type=\"button.default\">\n\t\t\t\t\t\t\t\t\t\t<a class=\"elementor-button elementor-button-link elementor-size-sm elementor-animation-shrink\" href=\"#\">\n\t\t\t\t\t\t<span class=\"elementor-button-content-wrapper\">\n\t\t\t\t\t\t\t\t\t<span class=\"elementor-button-text\">Pyyd\u00e4 tarjous<\/span>\n\t\t\t\t\t<\/span>\n\t\t\t\t\t<\/a>\n\t\t\t\t\t\t\t\t<\/div>\n\t\t\t\t\t<\/div>\n\t\t<\/div>\n\t\t\t\t\t<\/div>\n\t\t<\/section>\n\t\t\t\t<section class=\"elementor-section elementor-top-section elementor-element elementor-element-2e82f2c elementor-section-boxed elementor-section-height-default elementor-section-height-default\" data-id=\"2e82f2c\" data-element_type=\"section\">\n\t\t\t\t\t\t<div class=\"elementor-container elementor-column-gap-default\">\n\t\t\t\t\t<div class=\"elementor-column elementor-col-50 elementor-top-column elementor-element elementor-element-527b5d6\" data-id=\"527b5d6\" data-element_type=\"column\" data-settings=\"{&quot;background_background&quot;:&quot;classic&quot;}\">\n\t\t\t<div class=\"elementor-widget-wrap elementor-element-populated\">\n\t\t\t\t\t\t<div class=\"elementor-element elementor-element-a413d3b elementor-widget elementor-widget-spacer\" data-id=\"a413d3b\" data-element_type=\"widget\" data-widget_type=\"spacer.default\">\n\t\t\t\t\t\t\t<div class=\"elementor-spacer\">\n\t\t\t<div class=\"elementor-spacer-inner\"><\/div>\n\t\t<\/div>\n\t\t\t\t\t\t<\/div>\n\t\t\t\t\t<\/div>\n\t\t<\/div>\n\t\t\t\t<div class=\"elementor-column elementor-col-50 elementor-top-column elementor-element elementor-element-e4973a2\" data-id=\"e4973a2\" data-element_type=\"column\">\n\t\t\t<div class=\"elementor-widget-wrap elementor-element-populated\">\n\t\t\t\t\t\t<div class=\"elementor-element elementor-element-322718e elementor-widget elementor-widget-heading\" data-id=\"322718e\" data-element_type=\"widget\" data-widget_type=\"heading.default\">\n\t\t\t\t\t<h2 class=\"elementor-heading-title elementor-size-default\">Pianon ja flyygelin vuokraus<\/h2>\t\t\t\t<\/div>\n\t\t\t\t<div class=\"elementor-element elementor-element-6039516 elementor-widget elementor-widget-text-editor\" data-id=\"6039516\" data-element_type=\"widget\" data-widget_type=\"text-editor.default\">\n\t\t\t\t\t\t\t\t\t<div id=\"77eccd1b\" class=\"flex-element group\" data-auto=\"flex-element-group\"><div id=\"widget_itp\" class=\"flex-element widget-wrapper\" data-auto=\"flex-element-widget-wrapper\" data-widget-type=\"paragraph\" data-external-id=\"1556738692\"><div id=\"1556738692\" class=\"dmNewParagraph\" data-element-type=\"paragraph\" data-version=\"5\"><p class=\"m-size-16 m-text-align-left t-text-align-left text-align-left t-size-16 size-18\"><span class=\"font-size-18 t-font-size-16 m-font-size-16\">Ykk\u00f6smiehet Oy tarjoaa muuttojen lis\u00e4ksi my\u00f6s pianon ja flyygelin vuokrausta. Vuokran hintaan kuuluu kuljetus 40 kilometrin s\u00e4teell\u00e4 Helsingist\u00e4 sek\u00e4 viritys. Tarpeen mukaan voimme tehd\u00e4 tarjouksen kuljetukselle my\u00f6s kauemmaksikin.<\/span><\/p><\/div><\/div><\/div><div id=\"d4e99b68\" class=\"flex-element group\" data-auto=\"flex-element-group\"><div id=\"4e75b874\" class=\"flex-element widget-wrapper\" data-auto=\"flex-element-widget-wrapper\" data-widget-type=\"paragraph\" data-external-id=\"1749390640\"><div id=\"1749390640\" class=\"dmNewParagraph\" data-element-type=\"paragraph\" data-version=\"5\"><p class=\"m-size-16 m-text-align-left t-text-align-left t-size-16 text-align-left size-18\"><span class=\"font-size-18 t-font-size-16 m-font-size-16\">Saat meilt\u00e4 k\u00e4tev\u00e4n ratkaisun esimerkiksi tilaisuuksiin, juhliin ja my\u00f6s kotik\u00e4ytt\u00f6\u00f6n. Tutustu valikoimaamme alta. Ota yhteytt\u00e4 Ykk\u00f6smiehiin ja tee varaus pianon tai flyygelin vuokralle!<\/span><\/p><\/div><\/div><\/div>\t\t\t\t\t\t\t\t<\/div>\n\t\t\t\t<div class=\"elementor-element elementor-element-1f9ee49 elementor-widget__width-initial elementor-widget elementor-widget-button\" data-id=\"1f9ee49\" data-element_type=\"widget\" data-widget_type=\"button.default\">\n\t\t\t\t\t\t\t\t\t\t<a class=\"elementor-button elementor-button-link elementor-size-sm elementor-animation-shrink\" href=\"#\">\n\t\t\t\t\t\t<span class=\"elementor-button-content-wrapper\">\n\t\t\t\t\t\t\t\t\t<span class=\"elementor-button-text\">Vuokraa nyt<\/span>\n\t\t\t\t\t<\/span>\n\t\t\t\t\t<\/a>\n\t\t\t\t\t\t\t\t<\/div>\n\t\t\t\t\t<\/div>\n\t\t<\/div>\n\t\t\t\t\t<\/div>\n\t\t<\/section>\n\t\t\t\t<section class=\"elementor-section elementor-top-section elementor-element elementor-element-10c8385 elementor-section-boxed elementor-section-height-default elementor-section-height-default\" data-id=\"10c8385\" data-element_type=\"section\" data-settings=\"{&quot;background_background&quot;:&quot;classic&quot;}\">\n\t\t\t\t\t\t<div class=\"elementor-container elementor-column-gap-default\">\n\t\t\t\t\t<div class=\"elementor-column elementor-col-100 elementor-top-column elementor-element elementor-element-75ccf18\" data-id=\"75ccf18\" data-element_type=\"column\">\n\t\t\t<div class=\"elementor-widget-wrap elementor-element-populated\">\n\t\t\t\t\t\t<div class=\"elementor-element elementor-element-c2545e9 elementor-widget elementor-widget-heading\" data-id=\"c2545e9\" data-element_type=\"widget\" data-widget_type=\"heading.default\">\n\t\t\t\t\t<h2 class=\"elementor-heading-title elementor-size-default\">Vuokrattavat tuotteet<\/h2>\t\t\t\t<\/div>\n\t\t\t\t<section class=\"elementor-section elementor-inner-section elementor-element elementor-element-e69ddb7 elementor-section-full_width elementor-section-height-default elementor-section-height-default\" data-id=\"e69ddb7\" data-element_type=\"section\">\n\t\t\t\t\t\t<div class=\"elementor-container elementor-column-gap-default\">\n\t\t\t\t\t<div class=\"elementor-column elementor-col-50 elementor-inner-column elementor-element elementor-element-c10d518\" data-id=\"c10d518\" data-element_type=\"column\" data-settings=\"{&quot;background_background&quot;:&quot;classic&quot;}\">\n\t\t\t<div class=\"elementor-widget-wrap elementor-element-populated\">\n\t\t\t\t\t\t<div class=\"elementor-element elementor-element-4111acc elementor-widget elementor-widget-image\" data-id=\"4111acc\" data-element_type=\"widget\" data-widget_type=\"image.default\">\n\t\t\t\t\t\t\t\t\t\t\t\t\t\t\t<img fetchpriority=\"high\" decoding=\"async\" width=\"600\" height=\"400\" src=\"https:\/\/ykkosmiehet.ngmprojektit.fi\/wp-content\/uploads\/2025\/10\/piano.png\" class=\"attachment-large size-large wp-image-271\" alt=\"\" srcset=\"https:\/\/ykkosmiehet.ngmprojektit.fi\/wp-content\/uploads\/2025\/10\/piano.png 600w, https:\/\/ykkosmiehet.ngmprojektit.fi\/wp-content\/uploads\/2025\/10\/piano-300x200.png 300w\" sizes=\"(max-width: 600px) 100vw, 600px\" \/>\t\t\t\t\t\t\t\t\t\t\t\t\t\t\t<\/div>\n\t\t\t\t<div class=\"elementor-element elementor-element-6f8279d elementor-widget elementor-widget-heading\" data-id=\"6f8279d\" data-element_type=\"widget\" data-widget_type=\"heading.default\">\n\t\t\t\t\t<h2 class=\"elementor-heading-title elementor-size-default\">Yamaha G2 flyygeli, kiilt\u00e4v\u00e4 musta.\n<\/h2>\t\t\t\t<\/div>\n\t\t\t\t<div class=\"elementor-element elementor-element-34d1ec3 elementor-widget elementor-widget-text-editor\" data-id=\"34d1ec3\" data-element_type=\"widget\" data-widget_type=\"text-editor.default\">\n\t\t\t\t\t\t\t\t\t<div id=\"1827949686\" data-layout-section=\"\" data-auto=\"flex-section\" data-flex-id=\"cacd6993\"><section id=\"44effbe1\" class=\"flex-element section\" data-auto=\"flex-element-section\"><div id=\"4ddae8f5\" class=\"flex-element grid\" data-auto=\"flex-element-grid\" data-layout-grid=\"\"><div id=\"467be25b\" class=\"flex-element group\" data-auto=\"flex-element-group\"><div id=\"d8f8b312\" class=\"flex-element group\" data-auto=\"flex-element-group\"><div id=\"widget_3qg\" class=\"flex-element widget-wrapper\" data-auto=\"flex-element-widget-wrapper\" data-widget-type=\"paragraph\" data-external-id=\"1315844593\"><div id=\"1315844593\" class=\"dmNewParagraph\" data-element-type=\"paragraph\" data-version=\"5\"><p>Hinta alkaen 700 \u20ac\/vuorokausi. Hinta sis\u00e4lt\u00e4\u00e4 kuljetukset (40 km Helsingist\u00e4) ja virityksen. Flyygeli voidaan tuoda sopimuksen mukaan jo perjantaina ja hakea pois maanantaina.\u00a0<\/p><\/div><\/div><\/div><\/div><\/div><\/section><\/div>\t\t\t\t\t\t\t\t<\/div>\n\t\t\t\t<div class=\"elementor-element elementor-element-2abb3ce elementor-widget elementor-widget-button\" data-id=\"2abb3ce\" data-element_type=\"widget\" data-widget_type=\"button.default\">\n\t\t\t\t\t\t\t\t\t\t<a class=\"elementor-button elementor-button-link elementor-size-sm\" href=\"#\">\n\t\t\t\t\t\t<span class=\"elementor-button-content-wrapper\">\n\t\t\t\t\t\t<span class=\"elementor-button-icon\">\n\t\t\t\t<svg aria-hidden=\"true\" class=\"e-font-icon-svg e-fas-arrow-right\" viewBox=\"0 0 448 512\" xmlns=\"http:\/\/www.w3.org\/2000\/svg\"><path d=\"M190.5 66.9l22.2-22.2c9.4-9.4 24.6-9.4 33.9 0L441 239c9.4 9.4 9.4 24.6 0 33.9L246.6 467.3c-9.4 9.4-24.6 9.4-33.9 0l-22.2-22.2c-9.5-9.5-9.3-25 .4-34.3L311.4 296H24c-13.3 0-24-10.7-24-24v-32c0-13.3 10.7-24 24-24h287.4L190.9 101.2c-9.8-9.3-10-24.8-.4-34.3z\"><\/path><\/svg>\t\t\t<\/span>\n\t\t\t\t\t\t\t\t\t<span class=\"elementor-button-text\">Vuokraa nyt<\/span>\n\t\t\t\t\t<\/span>\n\t\t\t\t\t<\/a>\n\t\t\t\t\t\t\t\t<\/div>\n\t\t\t\t\t<\/div>\n\t\t<\/div>\n\t\t\t\t<div class=\"elementor-column elementor-col-50 elementor-inner-column elementor-element elementor-element-5a8d688\" data-id=\"5a8d688\" data-element_type=\"column\" data-settings=\"{&quot;background_background&quot;:&quot;classic&quot;}\">\n\t\t\t<div class=\"elementor-widget-wrap elementor-element-populated\">\n\t\t\t\t\t\t<div class=\"elementor-element elementor-element-dce32b5 elementor-widget elementor-widget-image\" data-id=\"dce32b5\" data-element_type=\"widget\" data-widget_type=\"image.default\">\n\t\t\t\t\t\t\t\t\t\t\t\t\t\t\t<img decoding=\"async\" width=\"600\" height=\"400\" src=\"https:\/\/ykkosmiehet.ngmprojektit.fi\/wp-content\/uploads\/2025\/10\/piano-1.png\" class=\"attachment-large size-large wp-image-272\" alt=\"\" srcset=\"https:\/\/ykkosmiehet.ngmprojektit.fi\/wp-content\/uploads\/2025\/10\/piano-1.png 600w, https:\/\/ykkosmiehet.ngmprojektit.fi\/wp-content\/uploads\/2025\/10\/piano-1-300x200.png 300w\" sizes=\"(max-width: 600px) 100vw, 600px\" \/>\t\t\t\t\t\t\t\t\t\t\t\t\t\t\t<\/div>\n\t\t\t\t<div class=\"elementor-element elementor-element-7fcf21f elementor-widget elementor-widget-heading\" data-id=\"7fcf21f\" data-element_type=\"widget\" data-widget_type=\"heading.default\">\n\t\t\t\t\t<h2 class=\"elementor-heading-title elementor-size-default\">Yamaha U3, musta konserttipiano\n<\/h2>\t\t\t\t<\/div>\n\t\t\t\t<div class=\"elementor-element elementor-element-45ced1c elementor-widget elementor-widget-text-editor\" data-id=\"45ced1c\" data-element_type=\"widget\" data-widget_type=\"text-editor.default\">\n\t\t\t\t\t\t\t\t\t<div id=\"b726c883\" class=\"flex-element group\" data-auto=\"flex-element-group\"><div id=\"26cfe945\" class=\"flex-element widget-wrapper\" data-auto=\"flex-element-widget-wrapper\" data-widget-type=\"paragraph\" data-external-id=\"1146103414\"><div id=\"1146103414\" class=\"dmNewParagraph\" data-element-type=\"paragraph\" data-version=\"5\"><p class=\"m-text-align-left text-align-left\">Hinta alkaen 400 \u20ac\/vuorokausi tai 500 \u20ac\/viikonloppu. Hinnat sis\u00e4lt\u00e4v\u00e4t kuljetukset (40 km Helsingist\u00e4) ja virityksen. Piano voidaan tuoda sopimuksen mukaan jo perjantaina ja hakea pois maanantaina.\u00a0<\/p><\/div><\/div><\/div>\t\t\t\t\t\t\t\t<\/div>\n\t\t\t\t<div class=\"elementor-element elementor-element-b7e4571 elementor-widget elementor-widget-button\" data-id=\"b7e4571\" data-element_type=\"widget\" data-widget_type=\"button.default\">\n\t\t\t\t\t\t\t\t\t\t<a class=\"elementor-button elementor-button-link elementor-size-sm\" href=\"#\">\n\t\t\t\t\t\t<span class=\"elementor-button-content-wrapper\">\n\t\t\t\t\t\t<span class=\"elementor-button-icon\">\n\t\t\t\t<svg aria-hidden=\"true\" class=\"e-font-icon-svg e-fas-arrow-right\" viewBox=\"0 0 448 512\" xmlns=\"http:\/\/www.w3.org\/2000\/svg\"><path d=\"M190.5 66.9l22.2-22.2c9.4-9.4 24.6-9.4 33.9 0L441 239c9.4 9.4 9.4 24.6 0 33.9L246.6 467.3c-9.4 9.4-24.6 9.4-33.9 0l-22.2-22.2c-9.5-9.5-9.3-25 .4-34.3L311.4 296H24c-13.3 0-24-10.7-24-24v-32c0-13.3 10.7-24 24-24h287.4L190.9 101.2c-9.8-9.3-10-24.8-.4-34.3z\"><\/path><\/svg>\t\t\t<\/span>\n\t\t\t\t\t\t\t\t\t<span class=\"elementor-button-text\">Vuokraa nyt<\/span>\n\t\t\t\t\t<\/span>\n\t\t\t\t\t<\/a>\n\t\t\t\t\t\t\t\t<\/div>\n\t\t\t\t\t<\/div>\n\t\t<\/div>\n\t\t\t\t\t<\/div>\n\t\t<\/section>\n\t\t\t\t\t<\/div>\n\t\t<\/div>\n\t\t\t\t\t<\/div>\n\t\t<\/section>\n\t\t\t\t<section class=\"elementor-section elementor-top-section elementor-element elementor-element-ed634ef elementor-section-boxed elementor-section-height-default elementor-section-height-default\" data-id=\"ed634ef\" data-element_type=\"section\" data-settings=\"{&quot;background_background&quot;:&quot;classic&quot;}\">\n\t\t\t\t\t\t\t<div class=\"elementor-background-overlay\"><\/div>\n\t\t\t\t\t\t\t<div class=\"elementor-container elementor-column-gap-default\">\n\t\t\t\t\t<div class=\"elementor-column elementor-col-100 elementor-top-column elementor-element elementor-element-67e1597\" data-id=\"67e1597\" data-element_type=\"column\">\n\t\t\t<div class=\"elementor-widget-wrap elementor-element-populated\">\n\t\t\t\t\t\t<div class=\"elementor-element elementor-element-794ebfe elementor-widget elementor-widget-heading\" data-id=\"794ebfe\" data-element_type=\"widget\" data-widget_type=\"heading.default\">\n\t\t\t\t\t<h2 class=\"elementor-heading-title elementor-size-default\">Pyyd\u00e4 tarjous palveluistamme <\/h2>\t\t\t\t<\/div>\n\t\t\t\t<div class=\"elementor-element elementor-element-38359c4 elementor-widget elementor-widget-text-editor\" data-id=\"38359c4\" data-element_type=\"widget\" data-widget_type=\"text-editor.default\">\n\t\t\t\t\t\t\t\t\tOletko suunnitellut muuttoa tai pianonkuljetusta? Ykk\u00f6smiehet Oy on luotettava ja kokenut muuttofirma.\t\t\t\t\t\t\t\t<\/div>\n\t\t\t\t<div class=\"elementor-element elementor-element-7f572e7 elementor-widget__width-initial elementor-align-left elementor-widget elementor-widget-button\" data-id=\"7f572e7\" data-element_type=\"widget\" data-widget_type=\"button.default\">\n\t\t\t\t\t\t\t\t\t\t<a class=\"elementor-button elementor-button-link elementor-size-sm elementor-animation-shrink\" href=\"https:\/\/ykkosmiehet.ngmprojektit.fi\/index.php\/pyyda-tarjous\/\">\n\t\t\t\t\t\t<span class=\"elementor-button-content-wrapper\">\n\t\t\t\t\t\t\t\t\t<span class=\"elementor-button-text\">Pyyd\u00e4 tarjous <\/span>\n\t\t\t\t\t<\/span>\n\t\t\t\t\t<\/a>\n\t\t\t\t\t\t\t\t<\/div>\n\t\t\t\t\t<\/div>\n\t\t<\/div>\n\t\t\t\t\t<\/div>\n\t\t<\/section>\n\t\t\t\t<\/div>\n\t\t","protected":false},"excerpt":{"rendered":"<p>Helsingiss\u00e4 ja koko Suomen alueella Pianon ja flyygelin vuokraus tilaisuuksiin, juhliin tai kotik\u00e4ytt\u00f6\u00f6n Ykk\u00f6smiehet Oy tarjoaa muuttojen lis\u00e4ksi my\u00f6s pianon [&hellip;]<\/p>\n","protected":false},"author":1,"featured_media":0,"parent":0,"menu_order":0,"comment_status":"closed","ping_status":"closed","template":"elementor_header_footer","meta":{"site-sidebar-layout":"no-sidebar","site-content-layout":"","ast-site-content-layout":"full-width-container","site-content-style":"default","site-sidebar-style":"default","ast-global-header-display":"","ast-banner-title-visibility":"","ast-main-header-display":"","ast-hfb-above-header-display":"","ast-hfb-below-header-display":"","ast-hfb-mobile-header-display":"","site-post-title":"","ast-breadcrumbs-content":"","ast-featured-img":"disabled","footer-sml-layout":"","theme-transparent-header-meta":"","adv-header-id-meta":"","stick-header-meta":"","header-above-stick-meta":"","header-main-stick-meta":"","header-below-stick-meta":"","astra-migrate-meta-layouts":"default","ast-page-background-enabled":"default","ast-page-background-meta":{"desktop":{"background-color":"var(--ast-global-color-5)","background-image":"","background-repeat":"repeat","background-position":"center center","background-size":"auto","background-attachment":"scroll","background-type":"","background-media":"","overlay-type":"","overlay-color":"","overlay-opacity":"","overlay-gradient":""},"tablet":{"background-color":"","background-image":"","background-repeat":"repeat","background-position":"center center","background-size":"auto","background-attachment":"scroll","background-type":"","background-media":"","overlay-type":"","overlay-color":"","overlay-opacity":"","overlay-gradient":""},"mobile":{"background-color":"","background-image":"","background-repeat":"repeat","background-position":"center center","background-size":"auto","background-attachment":"scroll","background-type":"","background-media":"","overlay-type":"","overlay-color":"","overlay-opacity":"","overlay-gradient":""}},"ast-content-background-meta":{"desktop":{"background-color":"var(--ast-global-color-4)","background-image":"","background-repeat":"repeat","background-position":"center center","background-size":"auto","background-attachment":"scroll","background-type":"","background-media":"","overlay-type":"","overlay-color":"","overlay-opacity":"","overlay-gradient":""},"tablet":{"background-color":"var(--ast-global-color-4)","background-image":"","background-repeat":"repeat","background-position":"center center","background-size":"auto","background-attachment":"scroll","background-type":"","background-media":"","overlay-type":"","overlay-color":"","overlay-opacity":"","overlay-gradient":""},"mobile":{"background-color":"var(--ast-global-color-4)","background-image":"","background-repeat":"repeat","background-position":"center center","background-size":"auto","background-attachment":"scroll","background-type":"","background-media":"","overlay-type":"","overlay-color":"","overlay-opacity":"","overlay-gradient":""}},"footnotes":""},"class_list":["post-20","page","type-page","status-publish","hentry"],"_links":{"self":[{"href":"https:\/\/ykkosmiehet.ngmprojektit.fi\/index.php\/wp-json\/wp\/v2\/pages\/20","targetHints":{"allow":["GET"]}}],"collection":[{"href":"https:\/\/ykkosmiehet.ngmprojektit.fi\/index.php\/wp-json\/wp\/v2\/pages"}],"about":[{"href":"https:\/\/ykkosmiehet.ngmprojektit.fi\/index.php\/wp-json\/wp\/v2\/types\/page"}],"author":[{"embeddable":true,"href":"https:\/\/ykkosmiehet.ngmprojektit.fi\/index.php\/wp-json\/wp\/v2\/users\/1"}],"replies":[{"embeddable":true,"href":"https:\/\/ykkosmiehet.ngmprojektit.fi\/index.php\/wp-json\/wp\/v2\/comments?post=20"}],"version-history":[{"count":34,"href":"https:\/\/ykkosmiehet.ngmprojektit.fi\/index.php\/wp-json\/wp\/v2\/pages\/20\/revisions"}],"predecessor-version":[{"id":290,"href":"https:\/\/ykkosmiehet.ngmprojektit.fi\/index.php\/wp-json\/wp\/v2\/pages\/20\/revisions\/290"}],"wp:attachment":[{"href":"https:\/\/ykkosmiehet.ngmprojektit.fi\/index.php\/wp-json\/wp\/v2\/media?parent=20"}],"curies":[{"name":"wp","href":"https:\/\/api.w.org\/{rel}","templated":true}]}}