{"id":22,"date":"2025-10-29T08:28:25","date_gmt":"2025-10-29T08:28:25","guid":{"rendered":"https:\/\/ykkosmiehet.ngmprojektit.fi\/?page_id=22"},"modified":"2025-10-29T09:02:07","modified_gmt":"2025-10-29T09:02:07","slug":"galleria","status":"publish","type":"page","link":"https:\/\/ykkosmiehet.ngmprojektit.fi\/index.php\/galleria\/","title":{"rendered":"Galleria"},"content":{"rendered":"\t\t<div data-elementor-type=\"wp-page\" data-elementor-id=\"22\" class=\"elementor elementor-22\" data-elementor-post-type=\"page\">\n\t\t\t\t\t\t<section class=\"elementor-section elementor-top-section elementor-element elementor-element-ca1e2d1 elementor-section-boxed elementor-section-height-default elementor-section-height-default\" data-id=\"ca1e2d1\" data-element_type=\"section\" data-settings=\"{&quot;background_background&quot;:&quot;classic&quot;}\">\n\t\t\t\t\t\t\t<div class=\"elementor-background-overlay\"><\/div>\n\t\t\t\t\t\t\t<div class=\"elementor-container elementor-column-gap-default\">\n\t\t\t\t\t<div class=\"elementor-column elementor-col-100 elementor-top-column elementor-element elementor-element-100e6c3\" data-id=\"100e6c3\" data-element_type=\"column\">\n\t\t\t<div class=\"elementor-widget-wrap elementor-element-populated\">\n\t\t\t\t\t\t<div class=\"elementor-element elementor-element-88c530a elementor-widget elementor-widget-heading\" data-id=\"88c530a\" data-element_type=\"widget\" data-widget_type=\"heading.default\">\n\t\t\t\t\t<h2 class=\"elementor-heading-title elementor-size-default\">Kuvagalleria<\/h2>\t\t\t\t<\/div>\n\t\t\t\t<div class=\"elementor-element elementor-element-22a76b7 elementor-widget elementor-widget-heading\" data-id=\"22a76b7\" data-element_type=\"widget\" data-widget_type=\"heading.default\">\n\t\t\t\t\t<h2 class=\"elementor-heading-title elementor-size-default\">Kuvia muuttopalveluistamme<br> Helsingiss\u00e4 ja koko Suomen alueella<\/h2>\t\t\t\t<\/div>\n\t\t\t\t<div class=\"elementor-element elementor-element-918498a elementor-widget__width-inherit elementor-align-center elementor-widget elementor-widget-button\" data-id=\"918498a\" data-element_type=\"widget\" data-widget_type=\"button.default\">\n\t\t\t\t\t\t\t\t\t\t<a class=\"elementor-button elementor-button-link elementor-size-sm elementor-animation-shrink\" href=\"#\">\n\t\t\t\t\t\t<span class=\"elementor-button-content-wrapper\">\n\t\t\t\t\t\t\t\t\t<span class=\"elementor-button-text\">Pyyd\u00e4 tarjous<\/span>\n\t\t\t\t\t<\/span>\n\t\t\t\t\t<\/a>\n\t\t\t\t\t\t\t\t<\/div>\n\t\t\t\t\t<\/div>\n\t\t<\/div>\n\t\t\t\t\t<\/div>\n\t\t<\/section>\n\t\t\t\t<section class=\"elementor-section elementor-top-section elementor-element elementor-element-e430c48 elementor-section-boxed elementor-section-height-default elementor-section-height-default\" data-id=\"e430c48\" data-element_type=\"section\" data-settings=\"{&quot;background_background&quot;:&quot;classic&quot;}\">\n\t\t\t\t\t\t<div class=\"elementor-container elementor-column-gap-default\">\n\t\t\t\t\t<div class=\"elementor-column elementor-col-100 elementor-top-column elementor-element elementor-element-0f2e17c\" data-id=\"0f2e17c\" data-element_type=\"column\">\n\t\t\t<div class=\"elementor-widget-wrap elementor-element-populated\">\n\t\t\t\t\t\t<div class=\"elementor-element elementor-element-518971c elementor-widget elementor-widget-text-editor\" data-id=\"518971c\" data-element_type=\"widget\" data-widget_type=\"text-editor.default\">\n\t\t\t\t\t\t\t\t\t<p>Olemme erikoistuneet pianojen, kassakaappien sek\u00e4 muiden erityisj\u00e4rjestelyit\u00e4 vaativien tavaroiden siirtelyyn. T\u00e4ll\u00e4 sivulla voit tutustua t\u00f6ihimme ja tiimiimme. Ota yhteytt\u00e4 ja pyyd\u00e4 meilt\u00e4 tarjous omalle muutollesi. Saat meilt\u00e4 kilpailukykyisen tarjouksen tehokkaille mutta varovaisille muutoille. J\u00e4t\u00e4 muuttosi ammattilaisen huoleksi.<\/p>\t\t\t\t\t\t\t\t<\/div>\n\t\t\t\t\t<\/div>\n\t\t<\/div>\n\t\t\t\t\t<\/div>\n\t\t<\/section>\n\t\t\t\t<section class=\"elementor-section elementor-top-section elementor-element elementor-element-acc2fb0 elementor-section-boxed elementor-section-height-default elementor-section-height-default\" data-id=\"acc2fb0\" data-element_type=\"section\">\n\t\t\t\t\t\t<div class=\"elementor-container elementor-column-gap-default\">\n\t\t\t\t\t<div class=\"elementor-column elementor-col-100 elementor-top-column elementor-element elementor-element-e94c681\" data-id=\"e94c681\" data-element_type=\"column\">\n\t\t\t<div class=\"elementor-widget-wrap elementor-element-populated\">\n\t\t\t\t\t\t<div class=\"elementor-element elementor-element-3d84825 elementor-widget elementor-widget-gallery\" data-id=\"3d84825\" data-element_type=\"widget\" data-settings=\"{&quot;gallery_layout&quot;:&quot;masonry&quot;,&quot;columns&quot;:4,&quot;columns_tablet&quot;:2,&quot;columns_mobile&quot;:1,&quot;gap&quot;:{&quot;unit&quot;:&quot;px&quot;,&quot;size&quot;:10,&quot;sizes&quot;:[]},&quot;gap_tablet&quot;:{&quot;unit&quot;:&quot;px&quot;,&quot;size&quot;:10,&quot;sizes&quot;:[]},&quot;gap_mobile&quot;:{&quot;unit&quot;:&quot;px&quot;,&quot;size&quot;:10,&quot;sizes&quot;:[]},&quot;link_to&quot;:&quot;file&quot;,&quot;overlay_background&quot;:&quot;yes&quot;,&quot;content_hover_animation&quot;:&quot;fade-in&quot;}\" data-widget_type=\"gallery.default\">\n\t\t\t\t\t\t\t<div class=\"elementor-gallery__container\">\n\t\t\t\t\t\t\t<a class=\"e-gallery-item elementor-gallery-item elementor-animated-content\" href=\"https:\/\/ykkosmiehet.ngmprojektit.fi\/wp-content\/uploads\/2025\/10\/imgi_31_Ykksmiehet1-2880w.jpg\" data-elementor-open-lightbox=\"yes\" data-elementor-lightbox-slideshow=\"3d84825\" data-elementor-lightbox-title=\"imgi_31_Ykksmiehet+(1)-2880w\" data-e-action-hash=\"#elementor-action%3Aaction%3Dlightbox%26settings%3DeyJpZCI6MTM2LCJ1cmwiOiJodHRwczpcL1wveWtrb3NtaWVoZXQubmdtcHJvamVrdGl0LmZpXC93cC1jb250ZW50XC91cGxvYWRzXC8yMDI1XC8xMFwvaW1naV8zMV9Za2tzbWllaGV0MS0yODgwdy5qcGciLCJzbGlkZXNob3ciOiIzZDg0ODI1In0%3D\">\n\t\t\t\t\t<div class=\"e-gallery-image elementor-gallery-item__image\" data-thumbnail=\"https:\/\/ykkosmiehet.ngmprojektit.fi\/wp-content\/uploads\/2025\/10\/imgi_31_Ykksmiehet1-2880w.jpg\" data-width=\"1920\" data-height=\"1440\" aria-label=\"\" role=\"img\" ><\/div>\n\t\t\t\t\t\t\t\t\t\t\t<div class=\"elementor-gallery-item__overlay\"><\/div>\n\t\t\t\t\t\t\t\t\t\t\t\t\t\t<\/a>\n\t\t\t\t\t\t\t<a class=\"e-gallery-item elementor-gallery-item elementor-animated-content\" href=\"https:\/\/ykkosmiehet.ngmprojektit.fi\/wp-content\/uploads\/2025\/10\/imgi_16_IMG_5334-600h.jpg\" data-elementor-open-lightbox=\"yes\" data-elementor-lightbox-slideshow=\"3d84825\" data-elementor-lightbox-title=\"imgi_16_IMG_5334-600h\" data-e-action-hash=\"#elementor-action%3Aaction%3Dlightbox%26settings%3DeyJpZCI6MTQxLCJ1cmwiOiJodHRwczpcL1wveWtrb3NtaWVoZXQubmdtcHJvamVrdGl0LmZpXC93cC1jb250ZW50XC91cGxvYWRzXC8yMDI1XC8xMFwvaW1naV8xNl9JTUdfNTMzNC02MDBoLmpwZyIsInNsaWRlc2hvdyI6IjNkODQ4MjUifQ%3D%3D\">\n\t\t\t\t\t<div class=\"e-gallery-image elementor-gallery-item__image\" data-thumbnail=\"https:\/\/ykkosmiehet.ngmprojektit.fi\/wp-content\/uploads\/2025\/10\/imgi_16_IMG_5334-600h.jpg\" data-width=\"450\" data-height=\"600\" aria-label=\"\" role=\"img\" ><\/div>\n\t\t\t\t\t\t\t\t\t\t\t<div class=\"elementor-gallery-item__overlay\"><\/div>\n\t\t\t\t\t\t\t\t\t\t\t\t\t\t<\/a>\n\t\t\t\t\t\t\t<a class=\"e-gallery-item elementor-gallery-item elementor-animated-content\" href=\"https:\/\/ykkosmiehet.ngmprojektit.fi\/wp-content\/uploads\/2025\/10\/imgi_37_Ykksmiehet-Tuusula-018.jpg\" data-elementor-open-lightbox=\"yes\" data-elementor-lightbox-slideshow=\"3d84825\" data-elementor-lightbox-title=\"imgi_37_Ykksmiehet-Tuusula-018\" data-e-action-hash=\"#elementor-action%3Aaction%3Dlightbox%26settings%3DeyJpZCI6MTQyLCJ1cmwiOiJodHRwczpcL1wveWtrb3NtaWVoZXQubmdtcHJvamVrdGl0LmZpXC93cC1jb250ZW50XC91cGxvYWRzXC8yMDI1XC8xMFwvaW1naV8zN19Za2tzbWllaGV0LVR1dXN1bGEtMDE4LmpwZyIsInNsaWRlc2hvdyI6IjNkODQ4MjUifQ%3D%3D\">\n\t\t\t\t\t<div class=\"e-gallery-image elementor-gallery-item__image\" data-thumbnail=\"https:\/\/ykkosmiehet.ngmprojektit.fi\/wp-content\/uploads\/2025\/10\/imgi_37_Ykksmiehet-Tuusula-018.jpg\" data-width=\"600\" data-height=\"450\" aria-label=\"\" role=\"img\" ><\/div>\n\t\t\t\t\t\t\t\t\t\t\t<div class=\"elementor-gallery-item__overlay\"><\/div>\n\t\t\t\t\t\t\t\t\t\t\t\t\t\t<\/a>\n\t\t\t\t\t\t\t<a class=\"e-gallery-item elementor-gallery-item elementor-animated-content\" href=\"https:\/\/ykkosmiehet.ngmprojektit.fi\/wp-content\/uploads\/2025\/10\/imgi_53_Ykksmiehet-Tuusula-0221-1920w.jpg\" data-elementor-open-lightbox=\"yes\" data-elementor-lightbox-slideshow=\"3d84825\" data-elementor-lightbox-title=\"imgi_53_Ykksmiehet-Tuusula-022+(1)-1920w\" data-e-action-hash=\"#elementor-action%3Aaction%3Dlightbox%26settings%3DeyJpZCI6MTQzLCJ1cmwiOiJodHRwczpcL1wveWtrb3NtaWVoZXQubmdtcHJvamVrdGl0LmZpXC93cC1jb250ZW50XC91cGxvYWRzXC8yMDI1XC8xMFwvaW1naV81M19Za2tzbWllaGV0LVR1dXN1bGEtMDIyMS0xOTIwdy5qcGciLCJzbGlkZXNob3ciOiIzZDg0ODI1In0%3D\">\n\t\t\t\t\t<div class=\"e-gallery-image elementor-gallery-item__image\" data-thumbnail=\"https:\/\/ykkosmiehet.ngmprojektit.fi\/wp-content\/uploads\/2025\/10\/imgi_53_Ykksmiehet-Tuusula-0221-1920w.jpg\" data-width=\"600\" data-height=\"800\" aria-label=\"\" role=\"img\" ><\/div>\n\t\t\t\t\t\t\t\t\t\t\t<div class=\"elementor-gallery-item__overlay\"><\/div>\n\t\t\t\t\t\t\t\t\t\t\t\t\t\t<\/a>\n\t\t\t\t\t\t\t<a class=\"e-gallery-item elementor-gallery-item elementor-animated-content\" href=\"https:\/\/ykkosmiehet.ngmprojektit.fi\/wp-content\/uploads\/2025\/10\/imgi_48_Ykksmiehet-Tuusula-026.jpg\" data-elementor-open-lightbox=\"yes\" data-elementor-lightbox-slideshow=\"3d84825\" data-elementor-lightbox-title=\"imgi_48_Ykksmiehet-Tuusula-026\" data-e-action-hash=\"#elementor-action%3Aaction%3Dlightbox%26settings%3DeyJpZCI6MTQ0LCJ1cmwiOiJodHRwczpcL1wveWtrb3NtaWVoZXQubmdtcHJvamVrdGl0LmZpXC93cC1jb250ZW50XC91cGxvYWRzXC8yMDI1XC8xMFwvaW1naV80OF9Za2tzbWllaGV0LVR1dXN1bGEtMDI2LmpwZyIsInNsaWRlc2hvdyI6IjNkODQ4MjUifQ%3D%3D\">\n\t\t\t\t\t<div class=\"e-gallery-image elementor-gallery-item__image\" data-thumbnail=\"https:\/\/ykkosmiehet.ngmprojektit.fi\/wp-content\/uploads\/2025\/10\/imgi_48_Ykksmiehet-Tuusula-026.jpg\" data-width=\"600\" data-height=\"450\" aria-label=\"\" role=\"img\" ><\/div>\n\t\t\t\t\t\t\t\t\t\t\t<div class=\"elementor-gallery-item__overlay\"><\/div>\n\t\t\t\t\t\t\t\t\t\t\t\t\t\t<\/a>\n\t\t\t\t\t\t\t<a class=\"e-gallery-item elementor-gallery-item elementor-animated-content\" href=\"https:\/\/ykkosmiehet.ngmprojektit.fi\/wp-content\/uploads\/2025\/10\/imgi_44_Ykksmiehet-Tuusula-0281.jpg\" data-elementor-open-lightbox=\"yes\" data-elementor-lightbox-slideshow=\"3d84825\" data-elementor-lightbox-title=\"imgi_44_Ykksmiehet-Tuusula-028+(1)\" data-e-action-hash=\"#elementor-action%3Aaction%3Dlightbox%26settings%3DeyJpZCI6MTQ1LCJ1cmwiOiJodHRwczpcL1wveWtrb3NtaWVoZXQubmdtcHJvamVrdGl0LmZpXC93cC1jb250ZW50XC91cGxvYWRzXC8yMDI1XC8xMFwvaW1naV80NF9Za2tzbWllaGV0LVR1dXN1bGEtMDI4MS5qcGciLCJzbGlkZXNob3ciOiIzZDg0ODI1In0%3D\">\n\t\t\t\t\t<div class=\"e-gallery-image elementor-gallery-item__image\" data-thumbnail=\"https:\/\/ykkosmiehet.ngmprojektit.fi\/wp-content\/uploads\/2025\/10\/imgi_44_Ykksmiehet-Tuusula-0281.jpg\" data-width=\"600\" data-height=\"804\" aria-label=\"\" role=\"img\" ><\/div>\n\t\t\t\t\t\t\t\t\t\t\t<div class=\"elementor-gallery-item__overlay\"><\/div>\n\t\t\t\t\t\t\t\t\t\t\t\t\t\t<\/a>\n\t\t\t\t\t\t\t<a class=\"e-gallery-item elementor-gallery-item elementor-animated-content\" href=\"https:\/\/ykkosmiehet.ngmprojektit.fi\/wp-content\/uploads\/2025\/10\/imgi_42_Ykksmiehet-Tuusula-029.jpg\" data-elementor-open-lightbox=\"yes\" data-elementor-lightbox-slideshow=\"3d84825\" data-elementor-lightbox-title=\"imgi_42_Ykksmiehet-Tuusula-029\" data-e-action-hash=\"#elementor-action%3Aaction%3Dlightbox%26settings%3DeyJpZCI6MTQ2LCJ1cmwiOiJodHRwczpcL1wveWtrb3NtaWVoZXQubmdtcHJvamVrdGl0LmZpXC93cC1jb250ZW50XC91cGxvYWRzXC8yMDI1XC8xMFwvaW1naV80Ml9Za2tzbWllaGV0LVR1dXN1bGEtMDI5LmpwZyIsInNsaWRlc2hvdyI6IjNkODQ4MjUifQ%3D%3D\">\n\t\t\t\t\t<div class=\"e-gallery-image elementor-gallery-item__image\" data-thumbnail=\"https:\/\/ykkosmiehet.ngmprojektit.fi\/wp-content\/uploads\/2025\/10\/imgi_42_Ykksmiehet-Tuusula-029.jpg\" data-width=\"600\" data-height=\"800\" aria-label=\"\" role=\"img\" ><\/div>\n\t\t\t\t\t\t\t\t\t\t\t<div class=\"elementor-gallery-item__overlay\"><\/div>\n\t\t\t\t\t\t\t\t\t\t\t\t\t\t<\/a>\n\t\t\t\t\t\t\t<a class=\"e-gallery-item elementor-gallery-item elementor-animated-content\" href=\"https:\/\/ykkosmiehet.ngmprojektit.fi\/wp-content\/uploads\/2025\/10\/imgi_47_Ykksmiehet-Tuusula-027-1920w.jpg\" data-elementor-open-lightbox=\"yes\" data-elementor-lightbox-slideshow=\"3d84825\" data-elementor-lightbox-title=\"imgi_47_Ykksmiehet-Tuusula-027-1920w\" data-e-action-hash=\"#elementor-action%3Aaction%3Dlightbox%26settings%3DeyJpZCI6MTQ3LCJ1cmwiOiJodHRwczpcL1wveWtrb3NtaWVoZXQubmdtcHJvamVrdGl0LmZpXC93cC1jb250ZW50XC91cGxvYWRzXC8yMDI1XC8xMFwvaW1naV80N19Za2tzbWllaGV0LVR1dXN1bGEtMDI3LTE5MjB3LmpwZyIsInNsaWRlc2hvdyI6IjNkODQ4MjUifQ%3D%3D\">\n\t\t\t\t\t<div class=\"e-gallery-image elementor-gallery-item__image\" data-thumbnail=\"https:\/\/ykkosmiehet.ngmprojektit.fi\/wp-content\/uploads\/2025\/10\/imgi_47_Ykksmiehet-Tuusula-027-1920w.jpg\" data-width=\"600\" data-height=\"450\" aria-label=\"\" role=\"img\" ><\/div>\n\t\t\t\t\t\t\t\t\t\t\t<div class=\"elementor-gallery-item__overlay\"><\/div>\n\t\t\t\t\t\t\t\t\t\t\t\t\t\t<\/a>\n\t\t\t\t\t\t\t<a class=\"e-gallery-item elementor-gallery-item elementor-animated-content\" href=\"https:\/\/ykkosmiehet.ngmprojektit.fi\/wp-content\/uploads\/2025\/10\/imgi_57_Ykksmiehet-Tuusula-020-1920w.jpg\" data-elementor-open-lightbox=\"yes\" data-elementor-lightbox-slideshow=\"3d84825\" data-elementor-lightbox-title=\"imgi_57_Ykksmiehet-Tuusula-020-1920w\" data-e-action-hash=\"#elementor-action%3Aaction%3Dlightbox%26settings%3DeyJpZCI6MTQ5LCJ1cmwiOiJodHRwczpcL1wveWtrb3NtaWVoZXQubmdtcHJvamVrdGl0LmZpXC93cC1jb250ZW50XC91cGxvYWRzXC8yMDI1XC8xMFwvaW1naV81N19Za2tzbWllaGV0LVR1dXN1bGEtMDIwLTE5MjB3LmpwZyIsInNsaWRlc2hvdyI6IjNkODQ4MjUifQ%3D%3D\">\n\t\t\t\t\t<div class=\"e-gallery-image elementor-gallery-item__image\" data-thumbnail=\"https:\/\/ykkosmiehet.ngmprojektit.fi\/wp-content\/uploads\/2025\/10\/imgi_57_Ykksmiehet-Tuusula-020-1920w.jpg\" data-width=\"600\" data-height=\"450\" aria-label=\"\" role=\"img\" ><\/div>\n\t\t\t\t\t\t\t\t\t\t\t<div class=\"elementor-gallery-item__overlay\"><\/div>\n\t\t\t\t\t\t\t\t\t\t\t\t\t\t<\/a>\n\t\t\t\t\t\t\t<a class=\"e-gallery-item elementor-gallery-item elementor-animated-content\" href=\"https:\/\/ykkosmiehet.ngmprojektit.fi\/wp-content\/uploads\/2025\/10\/imgi_55_Ykksmiehet-Tuusula-024-1920w.jpg\" data-elementor-open-lightbox=\"yes\" data-elementor-lightbox-slideshow=\"3d84825\" data-elementor-lightbox-title=\"imgi_55_Ykksmiehet-Tuusula-024-1920w\" data-e-action-hash=\"#elementor-action%3Aaction%3Dlightbox%26settings%3DeyJpZCI6MTUwLCJ1cmwiOiJodHRwczpcL1wveWtrb3NtaWVoZXQubmdtcHJvamVrdGl0LmZpXC93cC1jb250ZW50XC91cGxvYWRzXC8yMDI1XC8xMFwvaW1naV81NV9Za2tzbWllaGV0LVR1dXN1bGEtMDI0LTE5MjB3LmpwZyIsInNsaWRlc2hvdyI6IjNkODQ4MjUifQ%3D%3D\">\n\t\t\t\t\t<div class=\"e-gallery-image elementor-gallery-item__image\" data-thumbnail=\"https:\/\/ykkosmiehet.ngmprojektit.fi\/wp-content\/uploads\/2025\/10\/imgi_55_Ykksmiehet-Tuusula-024-1920w.jpg\" data-width=\"600\" data-height=\"700\" aria-label=\"\" role=\"img\" ><\/div>\n\t\t\t\t\t\t\t\t\t\t\t<div class=\"elementor-gallery-item__overlay\"><\/div>\n\t\t\t\t\t\t\t\t\t\t\t\t\t\t<\/a>\n\t\t\t\t\t\t\t<a class=\"e-gallery-item elementor-gallery-item elementor-animated-content\" href=\"https:\/\/ykkosmiehet.ngmprojektit.fi\/wp-content\/uploads\/2025\/10\/imgi_52_Ykksmiehet-Tuusula-0221.jpg\" data-elementor-open-lightbox=\"yes\" data-elementor-lightbox-slideshow=\"3d84825\" data-elementor-lightbox-title=\"imgi_52_Ykksmiehet-Tuusula-022+(1)\" data-e-action-hash=\"#elementor-action%3Aaction%3Dlightbox%26settings%3DeyJpZCI6MTUxLCJ1cmwiOiJodHRwczpcL1wveWtrb3NtaWVoZXQubmdtcHJvamVrdGl0LmZpXC93cC1jb250ZW50XC91cGxvYWRzXC8yMDI1XC8xMFwvaW1naV81Ml9Za2tzbWllaGV0LVR1dXN1bGEtMDIyMS5qcGciLCJzbGlkZXNob3ciOiIzZDg0ODI1In0%3D\">\n\t\t\t\t\t<div class=\"e-gallery-image elementor-gallery-item__image\" data-thumbnail=\"https:\/\/ykkosmiehet.ngmprojektit.fi\/wp-content\/uploads\/2025\/10\/imgi_52_Ykksmiehet-Tuusula-0221.jpg\" data-width=\"600\" data-height=\"800\" aria-label=\"\" role=\"img\" ><\/div>\n\t\t\t\t\t\t\t\t\t\t\t<div class=\"elementor-gallery-item__overlay\"><\/div>\n\t\t\t\t\t\t\t\t\t\t\t\t\t\t<\/a>\n\t\t\t\t\t\t\t<a class=\"e-gallery-item elementor-gallery-item elementor-animated-content\" href=\"https:\/\/ykkosmiehet.ngmprojektit.fi\/wp-content\/uploads\/2025\/10\/imgi_51_Ykksmiehet-Tuusula-023-1920w.jpg\" data-elementor-open-lightbox=\"yes\" data-elementor-lightbox-slideshow=\"3d84825\" data-elementor-lightbox-title=\"imgi_51_Ykksmiehet-Tuusula-023-1920w\" data-e-action-hash=\"#elementor-action%3Aaction%3Dlightbox%26settings%3DeyJpZCI6MTUyLCJ1cmwiOiJodHRwczpcL1wveWtrb3NtaWVoZXQubmdtcHJvamVrdGl0LmZpXC93cC1jb250ZW50XC91cGxvYWRzXC8yMDI1XC8xMFwvaW1naV81MV9Za2tzbWllaGV0LVR1dXN1bGEtMDIzLTE5MjB3LmpwZyIsInNsaWRlc2hvdyI6IjNkODQ4MjUifQ%3D%3D\">\n\t\t\t\t\t<div class=\"e-gallery-image elementor-gallery-item__image\" data-thumbnail=\"https:\/\/ykkosmiehet.ngmprojektit.fi\/wp-content\/uploads\/2025\/10\/imgi_51_Ykksmiehet-Tuusula-023-1920w.jpg\" data-width=\"600\" data-height=\"800\" aria-label=\"\" role=\"img\" ><\/div>\n\t\t\t\t\t\t\t\t\t\t\t<div class=\"elementor-gallery-item__overlay\"><\/div>\n\t\t\t\t\t\t\t\t\t\t\t\t\t\t<\/a>\n\t\t\t\t\t\t\t<a class=\"e-gallery-item elementor-gallery-item elementor-animated-content\" href=\"https:\/\/ykkosmiehet.ngmprojektit.fi\/wp-content\/uploads\/2025\/10\/imgi_26_IMG_37491-0h.jpg\" data-elementor-open-lightbox=\"yes\" data-elementor-lightbox-slideshow=\"3d84825\" data-elementor-lightbox-title=\"imgi_26_IMG_3749+(1)-0h\" data-e-action-hash=\"#elementor-action%3Aaction%3Dlightbox%26settings%3DeyJpZCI6MTU3LCJ1cmwiOiJodHRwczpcL1wveWtrb3NtaWVoZXQubmdtcHJvamVrdGl0LmZpXC93cC1jb250ZW50XC91cGxvYWRzXC8yMDI1XC8xMFwvaW1naV8yNl9JTUdfMzc0OTEtMGguanBnIiwic2xpZGVzaG93IjoiM2Q4NDgyNSJ9\">\n\t\t\t\t\t<div class=\"e-gallery-image elementor-gallery-item__image\" data-thumbnail=\"https:\/\/ykkosmiehet.ngmprojektit.fi\/wp-content\/uploads\/2025\/10\/imgi_26_IMG_37491-0h.jpg\" data-width=\"960\" data-height=\"1280\" aria-label=\"\" role=\"img\" ><\/div>\n\t\t\t\t\t\t\t\t\t\t\t<div class=\"elementor-gallery-item__overlay\"><\/div>\n\t\t\t\t\t\t\t\t\t\t\t\t\t\t<\/a>\n\t\t\t\t\t\t\t<a class=\"e-gallery-item elementor-gallery-item elementor-animated-content\" href=\"https:\/\/ykkosmiehet.ngmprojektit.fi\/wp-content\/uploads\/2025\/10\/imgi_29_Ykksmiehet-Tuusula-030-0h.jpg\" data-elementor-open-lightbox=\"yes\" data-elementor-lightbox-slideshow=\"3d84825\" data-elementor-lightbox-title=\"imgi_29_Ykksmiehet-Tuusula-030-0h\" data-e-action-hash=\"#elementor-action%3Aaction%3Dlightbox%26settings%3DeyJpZCI6MTYxLCJ1cmwiOiJodHRwczpcL1wveWtrb3NtaWVoZXQubmdtcHJvamVrdGl0LmZpXC93cC1jb250ZW50XC91cGxvYWRzXC8yMDI1XC8xMFwvaW1naV8yOV9Za2tzbWllaGV0LVR1dXN1bGEtMDMwLTBoLmpwZyIsInNsaWRlc2hvdyI6IjNkODQ4MjUifQ%3D%3D\">\n\t\t\t\t\t<div class=\"e-gallery-image elementor-gallery-item__image\" data-thumbnail=\"https:\/\/ykkosmiehet.ngmprojektit.fi\/wp-content\/uploads\/2025\/10\/imgi_29_Ykksmiehet-Tuusula-030-0h.jpg\" data-width=\"600\" data-height=\"800\" aria-label=\"\" role=\"img\" ><\/div>\n\t\t\t\t\t\t\t\t\t\t\t<div class=\"elementor-gallery-item__overlay\"><\/div>\n\t\t\t\t\t\t\t\t\t\t\t\t\t\t<\/a>\n\t\t\t\t\t\t\t<a class=\"e-gallery-item elementor-gallery-item elementor-animated-content\" href=\"https:\/\/ykkosmiehet.ngmprojektit.fi\/wp-content\/uploads\/2025\/10\/imgi_28_Ykksmiehet-Tuusula-0171-0h.jpg\" data-elementor-open-lightbox=\"yes\" data-elementor-lightbox-slideshow=\"3d84825\" data-elementor-lightbox-title=\"imgi_28_Ykksmiehet-Tuusula-017+(1)-0h\" data-e-action-hash=\"#elementor-action%3Aaction%3Dlightbox%26settings%3DeyJpZCI6MTYyLCJ1cmwiOiJodHRwczpcL1wveWtrb3NtaWVoZXQubmdtcHJvamVrdGl0LmZpXC93cC1jb250ZW50XC91cGxvYWRzXC8yMDI1XC8xMFwvaW1naV8yOF9Za2tzbWllaGV0LVR1dXN1bGEtMDE3MS0waC5qcGciLCJzbGlkZXNob3ciOiIzZDg0ODI1In0%3D\">\n\t\t\t\t\t<div class=\"e-gallery-image elementor-gallery-item__image\" data-thumbnail=\"https:\/\/ykkosmiehet.ngmprojektit.fi\/wp-content\/uploads\/2025\/10\/imgi_28_Ykksmiehet-Tuusula-0171-0h.jpg\" data-width=\"600\" data-height=\"800\" aria-label=\"\" role=\"img\" ><\/div>\n\t\t\t\t\t\t\t\t\t\t\t<div class=\"elementor-gallery-item__overlay\"><\/div>\n\t\t\t\t\t\t\t\t\t\t\t\t\t\t<\/a>\n\t\t\t\t\t\t\t<a class=\"e-gallery-item elementor-gallery-item elementor-animated-content\" href=\"https:\/\/ykkosmiehet.ngmprojektit.fi\/wp-content\/uploads\/2025\/10\/imgi_27_Ykksmiehet-Tuusula-019-0h.jpg\" data-elementor-open-lightbox=\"yes\" data-elementor-lightbox-slideshow=\"3d84825\" data-elementor-lightbox-title=\"imgi_27_Ykksmiehet-Tuusula-019-0h\" data-e-action-hash=\"#elementor-action%3Aaction%3Dlightbox%26settings%3DeyJpZCI6MTYzLCJ1cmwiOiJodHRwczpcL1wveWtrb3NtaWVoZXQubmdtcHJvamVrdGl0LmZpXC93cC1jb250ZW50XC91cGxvYWRzXC8yMDI1XC8xMFwvaW1naV8yN19Za2tzbWllaGV0LVR1dXN1bGEtMDE5LTBoLmpwZyIsInNsaWRlc2hvdyI6IjNkODQ4MjUifQ%3D%3D\">\n\t\t\t\t\t<div class=\"e-gallery-image elementor-gallery-item__image\" data-thumbnail=\"https:\/\/ykkosmiehet.ngmprojektit.fi\/wp-content\/uploads\/2025\/10\/imgi_27_Ykksmiehet-Tuusula-019-0h.jpg\" data-width=\"600\" data-height=\"450\" aria-label=\"\" role=\"img\" ><\/div>\n\t\t\t\t\t\t\t\t\t\t\t<div class=\"elementor-gallery-item__overlay\"><\/div>\n\t\t\t\t\t\t\t\t\t\t\t\t\t\t<\/a>\n\t\t\t\t\t\t\t<a class=\"e-gallery-item elementor-gallery-item elementor-animated-content\" href=\"https:\/\/ykkosmiehet.ngmprojektit.fi\/wp-content\/uploads\/2025\/10\/imgi_66_14086459_1388401804507793_5391051256032360251_o-1.jpg\" data-elementor-open-lightbox=\"yes\" data-elementor-lightbox-slideshow=\"3d84825\" data-elementor-lightbox-title=\"imgi_66_14086459_1388401804507793_5391051256032360251_o (1)\" data-e-action-hash=\"#elementor-action%3Aaction%3Dlightbox%26settings%3DeyJpZCI6MTY0LCJ1cmwiOiJodHRwczpcL1wveWtrb3NtaWVoZXQubmdtcHJvamVrdGl0LmZpXC93cC1jb250ZW50XC91cGxvYWRzXC8yMDI1XC8xMFwvaW1naV82Nl8xNDA4NjQ1OV8xMzg4NDAxODA0NTA3NzkzXzUzOTEwNTEyNTYwMzIzNjAyNTFfby0xLmpwZyIsInNsaWRlc2hvdyI6IjNkODQ4MjUifQ%3D%3D\">\n\t\t\t\t\t<div class=\"e-gallery-image elementor-gallery-item__image\" data-thumbnail=\"https:\/\/ykkosmiehet.ngmprojektit.fi\/wp-content\/uploads\/2025\/10\/imgi_66_14086459_1388401804507793_5391051256032360251_o-1.jpg\" data-width=\"960\" data-height=\"1280\" aria-label=\"\" role=\"img\" ><\/div>\n\t\t\t\t\t\t\t\t\t\t\t<div class=\"elementor-gallery-item__overlay\"><\/div>\n\t\t\t\t\t\t\t\t\t\t\t\t\t\t<\/a>\n\t\t\t\t\t<\/div>\n\t\t\t\t\t<\/div>\n\t\t\t\t\t<\/div>\n\t\t<\/div>\n\t\t\t\t\t<\/div>\n\t\t<\/section>\n\t\t\t\t<\/div>\n\t\t","protected":false},"excerpt":{"rendered":"<p>Kuvagalleria Kuvia muuttopalveluistamme Helsingiss\u00e4 ja koko Suomen alueella Pyyd\u00e4 tarjous Olemme erikoistuneet pianojen, kassakaappien sek\u00e4 muiden erityisj\u00e4rjestelyit\u00e4 vaativien tavaroiden siirtelyyn. [&hellip;]<\/p>\n","protected":false},"author":1,"featured_media":0,"parent":0,"menu_order":0,"comment_status":"closed","ping_status":"closed","template":"elementor_header_footer","meta":{"site-sidebar-layout":"no-sidebar","site-content-layout":"","ast-site-content-layout":"full-width-container","site-content-style":"default","site-sidebar-style":"default","ast-global-header-display":"","ast-banner-title-visibility":"","ast-main-header-display":"","ast-hfb-above-header-display":"","ast-hfb-below-header-display":"","ast-hfb-mobile-header-display":"","site-post-title":"","ast-breadcrumbs-content":"","ast-featured-img":"disabled","footer-sml-layout":"","theme-transparent-header-meta":"","adv-header-id-meta":"","stick-header-meta":"","header-above-stick-meta":"","header-main-stick-meta":"","header-below-stick-meta":"","astra-migrate-meta-layouts":"default","ast-page-background-enabled":"default","ast-page-background-meta":{"desktop":{"background-color":"var(--ast-global-color-5)","background-image":"","background-repeat":"repeat","background-position":"center center","background-size":"auto","background-attachment":"scroll","background-type":"","background-media":"","overlay-type":"","overlay-color":"","overlay-opacity":"","overlay-gradient":""},"tablet":{"background-color":"","background-image":"","background-repeat":"repeat","background-position":"center center","background-size":"auto","background-attachment":"scroll","background-type":"","background-media":"","overlay-type":"","overlay-color":"","overlay-opacity":"","overlay-gradient":""},"mobile":{"background-color":"","background-image":"","background-repeat":"repeat","background-position":"center center","background-size":"auto","background-attachment":"scroll","background-type":"","background-media":"","overlay-type":"","overlay-color":"","overlay-opacity":"","overlay-gradient":""}},"ast-content-background-meta":{"desktop":{"background-color":"var(--ast-global-color-4)","background-image":"","background-repeat":"repeat","background-position":"center center","background-size":"auto","background-attachment":"scroll","background-type":"","background-media":"","overlay-type":"","overlay-color":"","overlay-opacity":"","overlay-gradient":""},"tablet":{"background-color":"var(--ast-global-color-4)","background-image":"","background-repeat":"repeat","background-position":"center center","background-size":"auto","background-attachment":"scroll","background-type":"","background-media":"","overlay-type":"","overlay-color":"","overlay-opacity":"","overlay-gradient":""},"mobile":{"background-color":"var(--ast-global-color-4)","background-image":"","background-repeat":"repeat","background-position":"center center","background-size":"auto","background-attachment":"scroll","background-type":"","background-media":"","overlay-type":"","overlay-color":"","overlay-opacity":"","overlay-gradient":""}},"footnotes":""},"class_list":["post-22","page","type-page","status-publish","hentry"],"_links":{"self":[{"href":"https:\/\/ykkosmiehet.ngmprojektit.fi\/index.php\/wp-json\/wp\/v2\/pages\/22","targetHints":{"allow":["GET"]}}],"collection":[{"href":"https:\/\/ykkosmiehet.ngmprojektit.fi\/index.php\/wp-json\/wp\/v2\/pages"}],"about":[{"href":"https:\/\/ykkosmiehet.ngmprojektit.fi\/index.php\/wp-json\/wp\/v2\/types\/page"}],"author":[{"embeddable":true,"href":"https:\/\/ykkosmiehet.ngmprojektit.fi\/index.php\/wp-json\/wp\/v2\/users\/1"}],"replies":[{"embeddable":true,"href":"https:\/\/ykkosmiehet.ngmprojektit.fi\/index.php\/wp-json\/wp\/v2\/comments?post=22"}],"version-history":[{"count":4,"href":"https:\/\/ykkosmiehet.ngmprojektit.fi\/index.php\/wp-json\/wp\/v2\/pages\/22\/revisions"}],"predecessor-version":[{"id":167,"href":"https:\/\/ykkosmiehet.ngmprojektit.fi\/index.php\/wp-json\/wp\/v2\/pages\/22\/revisions\/167"}],"wp:attachment":[{"href":"https:\/\/ykkosmiehet.ngmprojektit.fi\/index.php\/wp-json\/wp\/v2\/media?parent=22"}],"curies":[{"name":"wp","href":"https:\/\/api.w.org\/{rel}","templated":true}]}}